{"id":961,"date":"2024-03-19T16:16:14","date_gmt":"2024-03-19T16:16:14","guid":{"rendered":"https:\/\/mihumanity.es\/?page_id=961"},"modified":"2024-07-08T15:38:21","modified_gmt":"2024-07-08T15:38:21","slug":"solo-fibra","status":"publish","type":"page","link":"https:\/\/mihumanity.es\/en\/solo-fibra\/","title":{"rendered":"SOLO FIBRA"},"content":{"rendered":"<div data-elementor-type=\"wp-page\" data-elementor-id=\"961\" class=\"elementor elementor-961\">\n\t\t\t\t<div class=\"elementor-element elementor-element-f8ff171 e-flex e-con-boxed e-con e-parent\" data-id=\"f8ff171\" data-element_type=\"container\" data-settings=\"{&quot;background_background&quot;:&quot;gradient&quot;}\">\n\t\t\t\t\t<div class=\"e-con-inner\">\n\t\t\t\t<div class=\"elementor-element elementor-element-3c2b812 elementor-widget__width-initial elementor-widget elementor-widget-heading\" data-id=\"3c2b812\" data-element_type=\"widget\" data-widget_type=\"heading.default\">\n\t\t\t\t<div class=\"elementor-widget-container\">\n\t\t\t<style>\/*! elementor - v3.22.0 - 26-06-2024 *\/\n.elementor-heading-title{padding:0;margin:0;line-height:1}.elementor-widget-heading .elementor-heading-title[class*=elementor-size-]>a{color:inherit;font-size:inherit;line-height:inherit}.elementor-widget-heading .elementor-heading-title.elementor-size-small{font-size:15px}.elementor-widget-heading .elementor-heading-title.elementor-size-medium{font-size:19px}.elementor-widget-heading .elementor-heading-title.elementor-size-large{font-size:29px}.elementor-widget-heading .elementor-heading-title.elementor-size-xl{font-size:39px}.elementor-widget-heading .elementor-heading-title.elementor-size-xxl{font-size:59px}<\/style><h2 class=\"elementor-heading-title elementor-size-large\">Tarifas solo <b>fibra<\/b><\/h2>\t\t<\/div>\n\t\t\t\t<\/div>\n\t\t<div class=\"elementor-element elementor-element-7c0ea71 e-con-full e-flex e-con e-child\" data-id=\"7c0ea71\" data-element_type=\"container\">\n\t\t\t\t<div class=\"elementor-element elementor-element-fa71085 elementor-widget elementor-widget-image\" data-id=\"fa71085\" data-element_type=\"widget\" data-widget_type=\"image.default\">\n\t\t\t\t<div class=\"elementor-widget-container\">\n\t\t\t<style>\/*! elementor - v3.22.0 - 26-06-2024 *\/\n.elementor-widget-image{text-align:center}.elementor-widget-image a{display:inline-block}.elementor-widget-image a img[src$=\".svg\"]{width:48px}.elementor-widget-image img{vertical-align:middle;display:inline-block}<\/style>\t\t\t\t\t\t\t\t\t\t\t<a href=\"https:\/\/mihumanity.es\/en\/contacto\/\">\n\t\t\t\t\t\t\t<img fetchpriority=\"high\" decoding=\"async\" width=\"800\" height=\"667\" src=\"https:\/\/mihumanity.es\/wp-content\/uploads\/2024\/03\/Fibra-300MB-1024x854.jpg\" class=\"attachment-large size-large wp-image-963\" alt=\"Fibra 300MB\" srcset=\"https:\/\/mihumanity.es\/wp-content\/uploads\/2024\/03\/Fibra-300MB-1024x854.jpg 1024w, https:\/\/mihumanity.es\/wp-content\/uploads\/2024\/03\/Fibra-300MB-300x250.jpg 300w, https:\/\/mihumanity.es\/wp-content\/uploads\/2024\/03\/Fibra-300MB-768x640.jpg 768w, https:\/\/mihumanity.es\/wp-content\/uploads\/2024\/03\/Fibra-300MB-1536x1280.jpg 1536w, https:\/\/mihumanity.es\/wp-content\/uploads\/2024\/03\/Fibra-300MB-14x12.jpg 14w, https:\/\/mihumanity.es\/wp-content\/uploads\/2024\/03\/Fibra-300MB.jpg 2000w\" sizes=\"(max-width: 800px) 100vw, 800px\" \/>\t\t\t\t\t\t\t\t<\/a>\n\t\t\t\t\t\t\t\t\t\t\t\t\t<\/div>\n\t\t\t\t<\/div>\n\t\t\t\t<\/div>\n\t\t<div class=\"elementor-element elementor-element-7719c8e e-con-full e-flex e-con e-child\" data-id=\"7719c8e\" data-element_type=\"container\">\n\t\t\t\t<div class=\"elementor-element elementor-element-4d3b1e4 elementor-widget elementor-widget-image\" data-id=\"4d3b1e4\" data-element_type=\"widget\" data-widget_type=\"image.default\">\n\t\t\t\t<div class=\"elementor-widget-container\">\n\t\t\t\t\t\t\t\t\t\t\t\t\t\t<a href=\"https:\/\/mihumanity.es\/en\/contacto\/\">\n\t\t\t\t\t\t\t<img decoding=\"async\" width=\"800\" height=\"667\" src=\"https:\/\/mihumanity.es\/wp-content\/uploads\/2024\/03\/Fibra-600MB-1024x854.jpg\" class=\"attachment-large size-large wp-image-964\" alt=\"Fibra 600MB\" srcset=\"https:\/\/mihumanity.es\/wp-content\/uploads\/2024\/03\/Fibra-600MB-1024x854.jpg 1024w, https:\/\/mihumanity.es\/wp-content\/uploads\/2024\/03\/Fibra-600MB-300x250.jpg 300w, https:\/\/mihumanity.es\/wp-content\/uploads\/2024\/03\/Fibra-600MB-768x640.jpg 768w, https:\/\/mihumanity.es\/wp-content\/uploads\/2024\/03\/Fibra-600MB-1536x1280.jpg 1536w, https:\/\/mihumanity.es\/wp-content\/uploads\/2024\/03\/Fibra-600MB-14x12.jpg 14w, https:\/\/mihumanity.es\/wp-content\/uploads\/2024\/03\/Fibra-600MB.jpg 2000w\" sizes=\"(max-width: 800px) 100vw, 800px\" \/>\t\t\t\t\t\t\t\t<\/a>\n\t\t\t\t\t\t\t\t\t\t\t\t\t<\/div>\n\t\t\t\t<\/div>\n\t\t\t\t<\/div>\n\t\t<div class=\"elementor-element elementor-element-6d6bb33 e-con-full e-flex e-con e-child\" data-id=\"6d6bb33\" data-element_type=\"container\">\n\t\t\t\t<div class=\"elementor-element elementor-element-95dc52a elementor-widget elementor-widget-image\" data-id=\"95dc52a\" data-element_type=\"widget\" data-widget_type=\"image.default\">\n\t\t\t\t<div class=\"elementor-widget-container\">\n\t\t\t\t\t\t\t\t\t\t\t\t\t\t<a href=\"https:\/\/mihumanity.es\/en\/contacto\/\">\n\t\t\t\t\t\t\t<img decoding=\"async\" width=\"800\" height=\"667\" src=\"https:\/\/mihumanity.es\/wp-content\/uploads\/2024\/03\/Fibra-1000MB-1024x854.jpg\" class=\"attachment-large size-large wp-image-965\" alt=\"Fibra 1000MB\" srcset=\"https:\/\/mihumanity.es\/wp-content\/uploads\/2024\/03\/Fibra-1000MB-1024x854.jpg 1024w, https:\/\/mihumanity.es\/wp-content\/uploads\/2024\/03\/Fibra-1000MB-300x250.jpg 300w, https:\/\/mihumanity.es\/wp-content\/uploads\/2024\/03\/Fibra-1000MB-768x640.jpg 768w, https:\/\/mihumanity.es\/wp-content\/uploads\/2024\/03\/Fibra-1000MB-1536x1280.jpg 1536w, https:\/\/mihumanity.es\/wp-content\/uploads\/2024\/03\/Fibra-1000MB-14x12.jpg 14w, https:\/\/mihumanity.es\/wp-content\/uploads\/2024\/03\/Fibra-1000MB.jpg 2000w\" sizes=\"(max-width: 800px) 100vw, 800px\" \/>\t\t\t\t\t\t\t\t<\/a>\n\t\t\t\t\t\t\t\t\t\t\t\t\t<\/div>\n\t\t\t\t<\/div>\n\t\t\t\t<\/div>\n\t\t\t\t<div class=\"elementor-element elementor-element-882f096 elementor-widget elementor-widget-heading\" data-id=\"882f096\" data-element_type=\"widget\" data-widget_type=\"heading.default\">\n\t\t\t\t<div class=\"elementor-widget-container\">\n\t\t\t<h2 class=\"elementor-heading-title elementor-size-large\"><a href=\"https:\/\/mihumanity.es\/en\/movil-fibra\/\">Ahorra a\u00f1adiendo l\u00edneas m\u00f3viles a tu tarifa <b>pulsa aqu\u00ed<\/b><\/a><\/h2>\t\t<\/div>\n\t\t\t\t<\/div>\n\t\t\t\t\t<\/div>\n\t\t\t\t<\/div>\n\t\t\t\t<\/div>","protected":false},"excerpt":{"rendered":"<p>Tarifa m\u00f3vil y fibra Humanity<\/p>","protected":false},"author":3,"featured_media":0,"parent":0,"menu_order":0,"comment_status":"closed","ping_status":"closed","template":"","meta":{"footnotes":""},"class_list":["post-961","page","type-page","status-publish","hentry"],"yoast_head":"<!-- This site is optimized with the Yoast SEO plugin v23.0 - https:\/\/yoast.com\/wordpress\/plugins\/seo\/ -->\n<title>Solo Fibra - Mi Humanity<\/title>\n<meta name=\"robots\" content=\"index, follow, max-snippet:-1, max-image-preview:large, max-video-preview:-1\" \/>\n<link rel=\"canonical\" href=\"https:\/\/mihumanity.es\/en\/solo-fibra\/\" \/>\n<meta property=\"og:locale\" content=\"en_GB\" \/>\n<meta property=\"og:type\" content=\"article\" \/>\n<meta property=\"og:title\" content=\"Solo Fibra - Mi Humanity\" \/>\n<meta property=\"og:description\" content=\"Tarifa m\u00f3vil y fibra Humanity\" \/>\n<meta property=\"og:url\" content=\"https:\/\/mihumanity.es\/en\/solo-fibra\/\" \/>\n<meta property=\"og:site_name\" content=\"Mi Humanity\" \/>\n<meta property=\"article:modified_time\" content=\"2024-07-08T15:38:21+00:00\" \/>\n<meta property=\"og:image\" content=\"https:\/\/mihumanity.es\/wp-content\/uploads\/2024\/03\/Fibra-300MB-1024x854.jpg\" \/>\n<meta name=\"twitter:card\" content=\"summary_large_image\" \/>\n<meta name=\"twitter:label1\" content=\"Estimated reading time\" \/>\n\t<meta name=\"twitter:data1\" content=\"1 minute\" \/>\n<script type=\"application\/ld+json\" class=\"yoast-schema-graph\">{\"@context\":\"https:\/\/schema.org\",\"@graph\":[{\"@type\":\"WebPage\",\"@id\":\"https:\/\/mihumanity.es\/solo-fibra\/\",\"url\":\"https:\/\/mihumanity.es\/solo-fibra\/\",\"name\":\"Solo Fibra - Mi Humanity\",\"isPartOf\":{\"@id\":\"https:\/\/mihumanity.es\/#website\"},\"primaryImageOfPage\":{\"@id\":\"https:\/\/mihumanity.es\/solo-fibra\/#primaryimage\"},\"image\":{\"@id\":\"https:\/\/mihumanity.es\/solo-fibra\/#primaryimage\"},\"thumbnailUrl\":\"https:\/\/mihumanity.es\/wp-content\/uploads\/2024\/03\/Fibra-300MB-1024x854.jpg\",\"datePublished\":\"2024-03-19T16:16:14+00:00\",\"dateModified\":\"2024-07-08T15:38:21+00:00\",\"breadcrumb\":{\"@id\":\"https:\/\/mihumanity.es\/solo-fibra\/#breadcrumb\"},\"inLanguage\":\"en-GB\",\"potentialAction\":[{\"@type\":\"ReadAction\",\"target\":[\"https:\/\/mihumanity.es\/solo-fibra\/\"]}]},{\"@type\":\"ImageObject\",\"inLanguage\":\"en-GB\",\"@id\":\"https:\/\/mihumanity.es\/solo-fibra\/#primaryimage\",\"url\":\"https:\/\/mihumanity.es\/wp-content\/uploads\/2024\/03\/Fibra-300MB-1024x854.jpg\",\"contentUrl\":\"https:\/\/mihumanity.es\/wp-content\/uploads\/2024\/03\/Fibra-300MB-1024x854.jpg\"},{\"@type\":\"BreadcrumbList\",\"@id\":\"https:\/\/mihumanity.es\/solo-fibra\/#breadcrumb\",\"itemListElement\":[{\"@type\":\"ListItem\",\"position\":1,\"name\":\"Portada\",\"item\":\"https:\/\/mihumanity.es\/\"},{\"@type\":\"ListItem\",\"position\":2,\"name\":\"SOLO FIBRA\"}]},{\"@type\":\"WebSite\",\"@id\":\"https:\/\/mihumanity.es\/#website\",\"url\":\"https:\/\/mihumanity.es\/\",\"name\":\"Mi Humanity\",\"description\":\"\",\"publisher\":{\"@id\":\"https:\/\/mihumanity.es\/#organization\"},\"potentialAction\":[{\"@type\":\"SearchAction\",\"target\":{\"@type\":\"EntryPoint\",\"urlTemplate\":\"https:\/\/mihumanity.es\/?s={search_term_string}\"},\"query-input\":\"required name=search_term_string\"}],\"inLanguage\":\"en-GB\"},{\"@type\":\"Organization\",\"@id\":\"https:\/\/mihumanity.es\/#organization\",\"name\":\"Mi Humanity\",\"url\":\"https:\/\/mihumanity.es\/\",\"logo\":{\"@type\":\"ImageObject\",\"inLanguage\":\"en-GB\",\"@id\":\"https:\/\/mihumanity.es\/#\/schema\/logo\/image\/\",\"url\":\"https:\/\/mihumanity.es\/wp-content\/uploads\/2023\/10\/cropped-LOGO-HUMANITY-TRANSPARENTE.png\",\"contentUrl\":\"https:\/\/mihumanity.es\/wp-content\/uploads\/2023\/10\/cropped-LOGO-HUMANITY-TRANSPARENTE.png\",\"width\":2366,\"height\":746,\"caption\":\"Mi Humanity\"},\"image\":{\"@id\":\"https:\/\/mihumanity.es\/#\/schema\/logo\/image\/\"}}]}<\/script>\n<!-- \/ Yoast SEO plugin. -->","yoast_head_json":{"title":"Solo Fibra - Mi Humanity","robots":{"index":"index","follow":"follow","max-snippet":"max-snippet:-1","max-image-preview":"max-image-preview:large","max-video-preview":"max-video-preview:-1"},"canonical":"https:\/\/mihumanity.es\/en\/solo-fibra\/","og_locale":"en_GB","og_type":"article","og_title":"Solo Fibra - Mi Humanity","og_description":"Tarifa m\u00f3vil y fibra Humanity","og_url":"https:\/\/mihumanity.es\/en\/solo-fibra\/","og_site_name":"Mi Humanity","article_modified_time":"2024-07-08T15:38:21+00:00","og_image":[{"url":"https:\/\/mihumanity.es\/wp-content\/uploads\/2024\/03\/Fibra-300MB-1024x854.jpg"}],"twitter_card":"summary_large_image","twitter_misc":{"Estimated reading time":"1 minute"},"schema":{"@context":"https:\/\/schema.org","@graph":[{"@type":"WebPage","@id":"https:\/\/mihumanity.es\/solo-fibra\/","url":"https:\/\/mihumanity.es\/solo-fibra\/","name":"Solo Fibra - Mi Humanity","isPartOf":{"@id":"https:\/\/mihumanity.es\/#website"},"primaryImageOfPage":{"@id":"https:\/\/mihumanity.es\/solo-fibra\/#primaryimage"},"image":{"@id":"https:\/\/mihumanity.es\/solo-fibra\/#primaryimage"},"thumbnailUrl":"https:\/\/mihumanity.es\/wp-content\/uploads\/2024\/03\/Fibra-300MB-1024x854.jpg","datePublished":"2024-03-19T16:16:14+00:00","dateModified":"2024-07-08T15:38:21+00:00","breadcrumb":{"@id":"https:\/\/mihumanity.es\/solo-fibra\/#breadcrumb"},"inLanguage":"en-GB","potentialAction":[{"@type":"ReadAction","target":["https:\/\/mihumanity.es\/solo-fibra\/"]}]},{"@type":"ImageObject","inLanguage":"en-GB","@id":"https:\/\/mihumanity.es\/solo-fibra\/#primaryimage","url":"https:\/\/mihumanity.es\/wp-content\/uploads\/2024\/03\/Fibra-300MB-1024x854.jpg","contentUrl":"https:\/\/mihumanity.es\/wp-content\/uploads\/2024\/03\/Fibra-300MB-1024x854.jpg"},{"@type":"BreadcrumbList","@id":"https:\/\/mihumanity.es\/solo-fibra\/#breadcrumb","itemListElement":[{"@type":"ListItem","position":1,"name":"Portada","item":"https:\/\/mihumanity.es\/"},{"@type":"ListItem","position":2,"name":"SOLO FIBRA"}]},{"@type":"WebSite","@id":"https:\/\/mihumanity.es\/#website","url":"https:\/\/mihumanity.es\/","name":"Mi Humanity","description":"","publisher":{"@id":"https:\/\/mihumanity.es\/#organization"},"potentialAction":[{"@type":"SearchAction","target":{"@type":"EntryPoint","urlTemplate":"https:\/\/mihumanity.es\/?s={search_term_string}"},"query-input":"required name=search_term_string"}],"inLanguage":"en-GB"},{"@type":"Organization","@id":"https:\/\/mihumanity.es\/#organization","name":"Mi Humanity","url":"https:\/\/mihumanity.es\/","logo":{"@type":"ImageObject","inLanguage":"en-GB","@id":"https:\/\/mihumanity.es\/#\/schema\/logo\/image\/","url":"https:\/\/mihumanity.es\/wp-content\/uploads\/2023\/10\/cropped-LOGO-HUMANITY-TRANSPARENTE.png","contentUrl":"https:\/\/mihumanity.es\/wp-content\/uploads\/2023\/10\/cropped-LOGO-HUMANITY-TRANSPARENTE.png","width":2366,"height":746,"caption":"Mi Humanity"},"image":{"@id":"https:\/\/mihumanity.es\/#\/schema\/logo\/image\/"}}]}},"_links":{"self":[{"href":"https:\/\/mihumanity.es\/en\/wp-json\/wp\/v2\/pages\/961","targetHints":{"allow":["GET"]}}],"collection":[{"href":"https:\/\/mihumanity.es\/en\/wp-json\/wp\/v2\/pages"}],"about":[{"href":"https:\/\/mihumanity.es\/en\/wp-json\/wp\/v2\/types\/page"}],"author":[{"embeddable":true,"href":"https:\/\/mihumanity.es\/en\/wp-json\/wp\/v2\/users\/3"}],"replies":[{"embeddable":true,"href":"https:\/\/mihumanity.es\/en\/wp-json\/wp\/v2\/comments?post=961"}],"version-history":[{"count":30,"href":"https:\/\/mihumanity.es\/en\/wp-json\/wp\/v2\/pages\/961\/revisions"}],"predecessor-version":[{"id":1199,"href":"https:\/\/mihumanity.es\/en\/wp-json\/wp\/v2\/pages\/961\/revisions\/1199"}],"wp:attachment":[{"href":"https:\/\/mihumanity.es\/en\/wp-json\/wp\/v2\/media?parent=961"}],"curies":[{"name":"wp","href":"https:\/\/api.w.org\/{rel}","templated":true}]}}