{"id":96,"date":"2023-10-05T15:31:58","date_gmt":"2023-10-05T15:31:58","guid":{"rendered":"https:\/\/mihumanity.es\/?page_id=96"},"modified":"2023-10-06T07:20:50","modified_gmt":"2023-10-06T07:20:50","slug":"politica-de-privacidad","status":"publish","type":"page","link":"https:\/\/mihumanity.es\/en\/politica-de-privacidad\/","title":{"rendered":"Pol\u00edtica de privacidad"},"content":{"rendered":"<h2 class=\"wp-block-heading\"><\/h2>\n<p>Se informa que los datos personales que pudiera contener este documento y facilitados por ud.<\/p>\n<p>Han sido incorporados para el tratamiento denominado CLIENTES cuyo responsable es PLATAFORMA DE TRANSACCIONES ELECTRONICAS, S.L. con B21555750 C\u00f3digo Postal 21720\u00a0 LA FUENTE, 8\u00a0 ROCIANA DEL CONDADO, HUELVA\u00a0 tel\u00e9fono 959 094 620<\/p>\n<p>La finalidad del tratamiento es la gesti\u00f3n de la relaci\u00f3n comercial, econ\u00f3mica y administrativa con los clientes y sus aplicadores autorizados, cuya base legal es la ejecuci\u00f3n de un contrato, en el ejercicio de la actividad del responsable.<\/p>\n<p>Que, para el cumplimiento de la finalidad, o por exigencias legales sus datos personales podr\u00e1n ser cedidos o comunicados a organismos e instituciones p\u00fablicas. Asesor\u00eda Fiscal y Contable.<\/p>\n<p>Que el plazo para la supresi\u00f3n de mis datos personales ser\u00e1 el previsto por la legislaci\u00f3n fiscal respecto a la prescripci\u00f3n de responsabilidades.<\/p>\n<p>Tambi\u00e9n se le informa del derecho de solicitar al responsable del tratamiento al acceso a los datos personales relativos a ud. y su rectificaci\u00f3n o supresi\u00f3n, o limitaci\u00f3n de su tratamiento, o aponerse al tratamiento y a presentar una reclamaci\u00f3n ante una autoridad de control.<\/p>\n<p>&nbsp;<\/p>\n<p>&nbsp;<\/p>","protected":false},"excerpt":{"rendered":"<p>Se informa que los datos personales que pudiera contener este documento y facilitados por ud. Han sido incorporados para el tratamiento denominado CLIENTES cuyo responsable es PLATAFORMA DE TRANSACCIONES ELECTRONICAS, S.L. con B21555750 C\u00f3digo Postal 21720\u00a0 LA FUENTE, 8\u00a0 ROCIANA DEL CONDADO, HUELVA\u00a0 tel\u00e9fono 959 094 620 La finalidad del tratamiento es la gesti\u00f3n de [&hellip;]<\/p>","protected":false},"author":1,"featured_media":0,"parent":0,"menu_order":0,"comment_status":"closed","ping_status":"closed","template":"","meta":{"footnotes":""},"class_list":["post-96","page","type-page","status-publish","hentry"],"yoast_head":"<!-- This site is optimized with the Yoast SEO plugin v23.0 - https:\/\/yoast.com\/wordpress\/plugins\/seo\/ -->\n<title>Pol\u00edtica de privacidad - Mi Humanity<\/title>\n<meta name=\"robots\" content=\"index, follow, max-snippet:-1, max-image-preview:large, max-video-preview:-1\" \/>\n<link rel=\"canonical\" href=\"https:\/\/mihumanity.es\/en\/politica-de-privacidad\/\" \/>\n<meta property=\"og:locale\" content=\"en_GB\" \/>\n<meta property=\"og:type\" content=\"article\" \/>\n<meta property=\"og:title\" content=\"Pol\u00edtica de privacidad - Mi Humanity\" \/>\n<meta property=\"og:description\" content=\"Se informa que los datos personales que pudiera contener este documento y facilitados por ud. Han sido incorporados para el tratamiento denominado CLIENTES cuyo responsable es PLATAFORMA DE TRANSACCIONES ELECTRONICAS, S.L. con B21555750 C\u00f3digo Postal 21720\u00a0 LA FUENTE, 8\u00a0 ROCIANA DEL CONDADO, HUELVA\u00a0 tel\u00e9fono 959 094 620 La finalidad del tratamiento es la gesti\u00f3n de [&hellip;]\" \/>\n<meta property=\"og:url\" content=\"https:\/\/mihumanity.es\/en\/politica-de-privacidad\/\" \/>\n<meta property=\"og:site_name\" content=\"Mi Humanity\" \/>\n<meta property=\"article:modified_time\" content=\"2023-10-06T07:20:50+00:00\" \/>\n<meta name=\"twitter:card\" content=\"summary_large_image\" \/>\n<meta name=\"twitter:label1\" content=\"Estimated reading time\" \/>\n\t<meta name=\"twitter:data1\" content=\"1 minute\" \/>\n<script type=\"application\/ld+json\" class=\"yoast-schema-graph\">{\"@context\":\"https:\/\/schema.org\",\"@graph\":[{\"@type\":\"WebPage\",\"@id\":\"https:\/\/mihumanity.es\/en\/politica-de-privacidad\/\",\"url\":\"https:\/\/mihumanity.es\/en\/politica-de-privacidad\/\",\"name\":\"Pol\u00edtica de privacidad - Mi Humanity\",\"isPartOf\":{\"@id\":\"https:\/\/mihumanity.es\/#website\"},\"datePublished\":\"2023-10-05T15:31:58+00:00\",\"dateModified\":\"2023-10-06T07:20:50+00:00\",\"breadcrumb\":{\"@id\":\"https:\/\/mihumanity.es\/en\/politica-de-privacidad\/#breadcrumb\"},\"inLanguage\":\"en-GB\",\"potentialAction\":[{\"@type\":\"ReadAction\",\"target\":[\"https:\/\/mihumanity.es\/en\/politica-de-privacidad\/\"]}]},{\"@type\":\"BreadcrumbList\",\"@id\":\"https:\/\/mihumanity.es\/en\/politica-de-privacidad\/#breadcrumb\",\"itemListElement\":[{\"@type\":\"ListItem\",\"position\":1,\"name\":\"Portada\",\"item\":\"https:\/\/mihumanity.es\/\"},{\"@type\":\"ListItem\",\"position\":2,\"name\":\"Pol\u00edtica de privacidad\"}]},{\"@type\":\"WebSite\",\"@id\":\"https:\/\/mihumanity.es\/#website\",\"url\":\"https:\/\/mihumanity.es\/\",\"name\":\"Mi Humanity\",\"description\":\"\",\"publisher\":{\"@id\":\"https:\/\/mihumanity.es\/#organization\"},\"potentialAction\":[{\"@type\":\"SearchAction\",\"target\":{\"@type\":\"EntryPoint\",\"urlTemplate\":\"https:\/\/mihumanity.es\/?s={search_term_string}\"},\"query-input\":\"required name=search_term_string\"}],\"inLanguage\":\"en-GB\"},{\"@type\":\"Organization\",\"@id\":\"https:\/\/mihumanity.es\/#organization\",\"name\":\"Mi Humanity\",\"url\":\"https:\/\/mihumanity.es\/\",\"logo\":{\"@type\":\"ImageObject\",\"inLanguage\":\"en-GB\",\"@id\":\"https:\/\/mihumanity.es\/#\/schema\/logo\/image\/\",\"url\":\"https:\/\/mihumanity.es\/wp-content\/uploads\/2023\/10\/cropped-LOGO-HUMANITY-TRANSPARENTE.png\",\"contentUrl\":\"https:\/\/mihumanity.es\/wp-content\/uploads\/2023\/10\/cropped-LOGO-HUMANITY-TRANSPARENTE.png\",\"width\":2366,\"height\":746,\"caption\":\"Mi Humanity\"},\"image\":{\"@id\":\"https:\/\/mihumanity.es\/#\/schema\/logo\/image\/\"}}]}<\/script>\n<!-- \/ Yoast SEO plugin. -->","yoast_head_json":{"title":"Pol\u00edtica de privacidad - Mi Humanity","robots":{"index":"index","follow":"follow","max-snippet":"max-snippet:-1","max-image-preview":"max-image-preview:large","max-video-preview":"max-video-preview:-1"},"canonical":"https:\/\/mihumanity.es\/en\/politica-de-privacidad\/","og_locale":"en_GB","og_type":"article","og_title":"Pol\u00edtica de privacidad - Mi Humanity","og_description":"Se informa que los datos personales que pudiera contener este documento y facilitados por ud. Han sido incorporados para el tratamiento denominado CLIENTES cuyo responsable es PLATAFORMA DE TRANSACCIONES ELECTRONICAS, S.L. con B21555750 C\u00f3digo Postal 21720\u00a0 LA FUENTE, 8\u00a0 ROCIANA DEL CONDADO, HUELVA\u00a0 tel\u00e9fono 959 094 620 La finalidad del tratamiento es la gesti\u00f3n de [&hellip;]","og_url":"https:\/\/mihumanity.es\/en\/politica-de-privacidad\/","og_site_name":"Mi Humanity","article_modified_time":"2023-10-06T07:20:50+00:00","twitter_card":"summary_large_image","twitter_misc":{"Estimated reading time":"1 minute"},"schema":{"@context":"https:\/\/schema.org","@graph":[{"@type":"WebPage","@id":"https:\/\/mihumanity.es\/en\/politica-de-privacidad\/","url":"https:\/\/mihumanity.es\/en\/politica-de-privacidad\/","name":"Pol\u00edtica de privacidad - Mi Humanity","isPartOf":{"@id":"https:\/\/mihumanity.es\/#website"},"datePublished":"2023-10-05T15:31:58+00:00","dateModified":"2023-10-06T07:20:50+00:00","breadcrumb":{"@id":"https:\/\/mihumanity.es\/en\/politica-de-privacidad\/#breadcrumb"},"inLanguage":"en-GB","potentialAction":[{"@type":"ReadAction","target":["https:\/\/mihumanity.es\/en\/politica-de-privacidad\/"]}]},{"@type":"BreadcrumbList","@id":"https:\/\/mihumanity.es\/en\/politica-de-privacidad\/#breadcrumb","itemListElement":[{"@type":"ListItem","position":1,"name":"Portada","item":"https:\/\/mihumanity.es\/"},{"@type":"ListItem","position":2,"name":"Pol\u00edtica de privacidad"}]},{"@type":"WebSite","@id":"https:\/\/mihumanity.es\/#website","url":"https:\/\/mihumanity.es\/","name":"Mi Humanity","description":"","publisher":{"@id":"https:\/\/mihumanity.es\/#organization"},"potentialAction":[{"@type":"SearchAction","target":{"@type":"EntryPoint","urlTemplate":"https:\/\/mihumanity.es\/?s={search_term_string}"},"query-input":"required name=search_term_string"}],"inLanguage":"en-GB"},{"@type":"Organization","@id":"https:\/\/mihumanity.es\/#organization","name":"Mi Humanity","url":"https:\/\/mihumanity.es\/","logo":{"@type":"ImageObject","inLanguage":"en-GB","@id":"https:\/\/mihumanity.es\/#\/schema\/logo\/image\/","url":"https:\/\/mihumanity.es\/wp-content\/uploads\/2023\/10\/cropped-LOGO-HUMANITY-TRANSPARENTE.png","contentUrl":"https:\/\/mihumanity.es\/wp-content\/uploads\/2023\/10\/cropped-LOGO-HUMANITY-TRANSPARENTE.png","width":2366,"height":746,"caption":"Mi Humanity"},"image":{"@id":"https:\/\/mihumanity.es\/#\/schema\/logo\/image\/"}}]}},"_links":{"self":[{"href":"https:\/\/mihumanity.es\/en\/wp-json\/wp\/v2\/pages\/96","targetHints":{"allow":["GET"]}}],"collection":[{"href":"https:\/\/mihumanity.es\/en\/wp-json\/wp\/v2\/pages"}],"about":[{"href":"https:\/\/mihumanity.es\/en\/wp-json\/wp\/v2\/types\/page"}],"author":[{"embeddable":true,"href":"https:\/\/mihumanity.es\/en\/wp-json\/wp\/v2\/users\/1"}],"replies":[{"embeddable":true,"href":"https:\/\/mihumanity.es\/en\/wp-json\/wp\/v2\/comments?post=96"}],"version-history":[{"count":4,"href":"https:\/\/mihumanity.es\/en\/wp-json\/wp\/v2\/pages\/96\/revisions"}],"predecessor-version":[{"id":182,"href":"https:\/\/mihumanity.es\/en\/wp-json\/wp\/v2\/pages\/96\/revisions\/182"}],"wp:attachment":[{"href":"https:\/\/mihumanity.es\/en\/wp-json\/wp\/v2\/media?parent=96"}],"curies":[{"name":"wp","href":"https:\/\/api.w.org\/{rel}","templated":true}]}}