{"id":90,"date":"2023-10-05T15:31:33","date_gmt":"2023-10-05T15:31:33","guid":{"rendered":"https:\/\/mihumanity.es\/?page_id=90"},"modified":"2023-10-05T15:43:56","modified_gmt":"2023-10-05T15:43:56","slug":"aviso-legal","status":"publish","type":"page","link":"https:\/\/mihumanity.es\/en\/aviso-legal\/","title":{"rendered":"Aviso legal"},"content":{"rendered":"<p>En cumplimiento con el deber de informaci\u00f3n recogido en el art\u00edculo 10 de la Ley 34\/2002 de 11 de Julio de Servicios de la Sociedad de la informaci\u00f3n y del Comercio Electr\u00f3nico, PLATAFORMA DE TRANSACCIONES ELECTRONICAS, S.L. COMO\u00a0 HUMANITY\u00a0 con cif B21555750.<strong>\u00a0<\/strong>\u00a0pone a disposici\u00f3n de los usuarios el presente documento y as\u00ed informar del sitio web respecto a los cuales son las condiciones de uso del mismo.<\/p>\n<p>PLATAFORMA DE TRANSACCIONES ELECTRONICAS, S.L. COMO\u00a0 HUMANITY\u00a0 \u00a0es una sociedad domiciliada a efectos de la presente informaci\u00f3n en\u00a0 HUELVA\u00a0 , ROCIANA DEL CONDADO LA FUENTE, 8 21720, y es en la actualidad la encargada de la explotaci\u00f3n, gesti\u00f3n y funcionamiento del sitio web <a href=\"https:\/\/mihumanity.es\/en\/\">https:\/\/mihumanity.es<\/a><\/p>\n<p>&nbsp;<\/p>\n<p>Puede contactar con PLATAFORMA DE TRANSACCIONES ELECTRONICAS, S.L. COMO\u00a0 HUMANITY S \u00a0 a trav\u00e9s del tel\u00e9fono de atenci\u00f3n al cliente 959 094 620 , nuestro correo electr\u00f3nico <a href=\"mailto:info@mihumanity.es\">info@mihumanity.es<\/a>\u00a0o por el formulario de contacto disponible en nuestra p\u00e1gina web.<\/p>\n<p>&nbsp;<\/p>\n<h3><strong><u>CONDICIONES GENERALES DE USO DEL PORTAL WEB<\/u><\/strong><\/h3>\n<ol>\n<li><strong>Objeto de las condiciones generales de uso.<\/strong><\/li>\n<\/ol>\n<p>PLATAFORMA DE TRANSACCIONES ELECTRONICAS, S.L. COMO\u00a0 HUMANITY ofrece acceso a su sitio web a fin de facilitar al p\u00fablico el conocimiento de los productos y servicios que ofrece, rigi\u00e9ndose el mismo bajo los siguientes t\u00e9rminos y condiciones generales de uso, los cuales se compromete a respetar en su integridad el usuario, siendo \u00fanico responsable de su incumplimiento frente a PLATAFORMA DE TRANSACCIONES ELECTRONICAS, S.L. COMO\u00a0 HUMANITY y terceros. Dichas Condiciones ser\u00e1n de aplicaci\u00f3n independientemente de las Condiciones Generales de Contrataci\u00f3n de\u00a0 PLATAFORMA DE TRANSACCIONES ELECTRONICAS, S.L. COMO\u00a0 HUMANITY<strong>\u00a0<\/strong>\u00a0que en su caso resulten de obligado cumplimiento.<\/p>\n<p><strong>\u00a0<\/strong><\/p>\n<ol start=\"2\">\n<li><strong>Productos y servicios<\/strong><\/li>\n<\/ol>\n<p>La informaci\u00f3n relativa a los servicios que se ofrecen en el sitio web dePLATAFORMA DE TRANSACCIONES ELECTRONICAS, S.L. COMO\u00a0 HUMANITYtes, se encuentra contenida en la misma p\u00e1gina en donde dicho servicio se ofrece. Para un mayor detalle puede contactar con PLATAFORMA DE TRANSACCIONES ELECTRONICAS, S.L. COMO\u00a0 HUMANITY a trav\u00e9s de cualquier medio disponible. Se informa que los precios rese\u00f1ados para los distintos productos y servicios no incluyen en todo caso los impuestos finales de legal aplicaci\u00f3n.<\/p>\n<p><strong>3. Protecci\u00f3n de Datos de Car\u00e1cter Personal<\/strong><\/p>\n<p>Los datos de car\u00e1cter personal de los usuarios de la web ser\u00e1n tratados de conformidad con los principios, derechos y garant\u00edas establecidas en el Reglamento (UE) 2016\/679 del Parlamento Europeo y del Consejo de 27 de abril de 2016 relativo a la protecci\u00f3n de las personas f\u00edsicas en lo que respecta al tratamiento de datos personales y a la libre circulaci\u00f3n de estos datos y en la Ley Org\u00e1nica 3\/2018 de 5 de diciembre de Protecci\u00f3n de Datos de Car\u00e1cter Personal y Garant\u00eda de Derecho Digitales. Podr\u00e1 consultar la pol\u00edtica de privacidad completa en<\/p>\n<p>La web de PLATAFORMA DE TRANSACCIONES ELECTRONICAS, S.L. COMO\u00a0 HUMANITYutiliza cookies propias y de terceros para gestionar el portal y recabar informaci\u00f3n sobre la utilizaci\u00f3n del mismo. Puede obtener informaci\u00f3n adicional visitando nuestra Pol\u00edtica de Cookies en<\/p>\n<ol start=\"4\">\n<li><strong>Propiedad intelectual e industrial<\/strong><\/li>\n<\/ol>\n<p>Los derechos de propiedad intelectual del sitio web, incluyendo c\u00f3digo fuente, dise\u00f1o, estructura, bases de datos y dem\u00e1s elementos pertenecen a PLATAFORMA DE TRANSACCIONES ELECTRONICAS, S.L. COMO\u00a0 HUMANITY al que corresponde el ejercicio exclusivo de los derechos de explotaci\u00f3n, reproducci\u00f3n, distribuci\u00f3n, comunicaci\u00f3n p\u00fablica, puesta a disposici\u00f3n y transformaci\u00f3n.<\/p>\n<ol start=\"5\">\n<li><strong>Responsabilidad<\/strong><\/li>\n<\/ol>\n<p>El acceso y uso de esta web y su contenido ser\u00e1 bajo la plena y exclusiva responsabilidad del usuario. PLATAFORMA DE TRANSACCIONES ELECTRONICAS, S.L. COMO\u00a0 HUMANITY no se hace responsable de los eventuales errores de seguridad o los da\u00f1os que puedan derivarse en el sistema inform\u00e1tico del usuario, los ficheros o archivos almacenados en \u00e9ste, con motivo de la existencia de virus, malware o similar en los equipos inform\u00e1ticos utilizados por el usuario para el acceso a la web. PLATAFORMA DE TRANSACCIONES ELECTRONICAS, S.L. COMO\u00a0 HUMANITY tampoco asume responsabilidad por los contenidos a los que se accede mediante enlaces de terceros contenidos en la web, ni puede garantizar la ausencia de virus, malware y similares que puedan provocar da\u00f1os en el sistema inform\u00e1tico del usuario.<\/p>\n<p>PLATAFORMA DE TRANSACCIONES ELECTRONICAS, S.L. COMO\u00a0 HUMANITY no puede garantizar la inexistencia de errores en el contenido de la web o en su vigencia ni tampoco su plena disponibilidad, aunque procurar\u00e1 su eliminaci\u00f3n, subsanaci\u00f3n o actualizaci\u00f3n. PLATAFORMA DE TRANSACCIONES ELECTRONICAS, S.L. COMO\u00a0 HUMANITY se reserva la facultad de modificar o actualizar el contenido del sitio web en cualquier momento y por cualquier causa sin necesidad de aviso previo a los usuarios.<\/p>\n<p>Los menores de edad no podr\u00e1n hacer uso de los servicios disponibles en la web sin la supervisi\u00f3n de sus padres o de su representante legal, qui\u00e9nes ser\u00e1n responsables delos actos realizados por \u00e9stos.<\/p>\n<p>No obstante y en cumplimiento de lo dispuesto en el art\u00edculo 11 y 16 de la Ley 34\/2002 de 11 de Julio de Servicios de la Sociedad de la informaci\u00f3n y del Comercio Electr\u00f3nico, PLATAFORMA DE TRANSACCIONES ELECTRONICAS, S.L. COMO\u00a0 HUMANITY se pone a disposici\u00f3n de todos los usuarios, autoridades y fuerzas de seguridad, y colaborando de forma activa en la retirada o en su caso bloqueo de todos aquellos contenido que pudieran afectar o contravenir la legislaci\u00f3n nacional, o internacional, derechos de terceros o la moral y el orden p\u00fablico. En caso de que el usuario considere que exista en el sitio web alg\u00fan contenido que pudiera ser susceptible de esta clasificaci\u00f3n, se ruega lo notifique de forma inmediata al administrador del sitio web.<\/p>\n<ol start=\"6\">\n<li><strong>Autenticaci\u00f3n zona privada clientes<\/strong><\/li>\n<\/ol>\n<p>El cliente de PLATAFORMA DE TRANSACCIONES ELECTRONICAS, S.L. COMO\u00a0 HUMANITY s podr\u00e1 acceder a la zona privada de clientes mediante el sistema de autenticaci\u00f3n dispuesto por el operador. El cliente deber\u00e1 utilizar los identificadores y contrase\u00f1as de exclusivo uso personal proporcionados por PLATAFORMA DE TRANSACCIONES ELECTRONICAS, S.L. COMO\u00a0 HUMANITY para su acceso, que permanecer\u00e1n bajo la custodia y responsabilidad del cliente, debiendo ser conservadas bajo la m\u00e1s estricta confidencialidad.<\/p>\n<p><strong>7. LEY APLICABLE Y RESOLUCI\u00d3N DE CONFLICTOS:<\/strong><\/p>\n<p>Cualquier controversia sobre la aplicaci\u00f3n, ejecuci\u00f3n o interpretaci\u00f3n de las condiciones generales de uso de este sitio web se regir\u00e1 por la legislaci\u00f3n espa\u00f1ola. En todo caso, las partes se someten expresamente con renuncia a cualquier otro fuero a los Juzgados y Tribunales de Alcal\u00e1 la Real (Ja\u00e9n).<\/p>","protected":false},"excerpt":{"rendered":"<p>En cumplimiento con el deber de informaci\u00f3n recogido en el art\u00edculo 10 de la Ley 34\/2002 de 11 de Julio de Servicios de la Sociedad de la informaci\u00f3n y del Comercio Electr\u00f3nico, PLATAFORMA DE TRANSACCIONES ELECTRONICAS, S.L. COMO\u00a0 HUMANITY\u00a0 con cif B21555750.\u00a0\u00a0pone a disposici\u00f3n de los usuarios el presente documento y as\u00ed informar del sitio [&hellip;]<\/p>","protected":false},"author":1,"featured_media":0,"parent":0,"menu_order":0,"comment_status":"closed","ping_status":"closed","template":"","meta":{"footnotes":""},"class_list":["post-90","page","type-page","status-publish","hentry"],"yoast_head":"<!-- This site is optimized with the Yoast SEO plugin v23.0 - https:\/\/yoast.com\/wordpress\/plugins\/seo\/ -->\n<title>Aviso legal - Mi Humanity<\/title>\n<meta name=\"robots\" content=\"index, follow, max-snippet:-1, max-image-preview:large, max-video-preview:-1\" \/>\n<link rel=\"canonical\" href=\"https:\/\/mihumanity.es\/en\/aviso-legal\/\" \/>\n<meta property=\"og:locale\" content=\"en_GB\" \/>\n<meta property=\"og:type\" content=\"article\" \/>\n<meta property=\"og:title\" content=\"Aviso legal - Mi Humanity\" \/>\n<meta property=\"og:description\" content=\"En cumplimiento con el deber de informaci\u00f3n recogido en el art\u00edculo 10 de la Ley 34\/2002 de 11 de Julio de Servicios de la Sociedad de la informaci\u00f3n y del Comercio Electr\u00f3nico, PLATAFORMA DE TRANSACCIONES ELECTRONICAS, S.L. COMO\u00a0 HUMANITY\u00a0 con cif B21555750.\u00a0\u00a0pone a disposici\u00f3n de los usuarios el presente documento y as\u00ed informar del sitio [&hellip;]\" \/>\n<meta property=\"og:url\" content=\"https:\/\/mihumanity.es\/en\/aviso-legal\/\" \/>\n<meta property=\"og:site_name\" content=\"Mi Humanity\" \/>\n<meta property=\"article:modified_time\" content=\"2023-10-05T15:43:56+00:00\" \/>\n<meta name=\"twitter:card\" content=\"summary_large_image\" \/>\n<meta name=\"twitter:label1\" content=\"Estimated reading time\" \/>\n\t<meta name=\"twitter:data1\" content=\"5 minutes\" \/>\n<script type=\"application\/ld+json\" class=\"yoast-schema-graph\">{\"@context\":\"https:\/\/schema.org\",\"@graph\":[{\"@type\":\"WebPage\",\"@id\":\"https:\/\/mihumanity.es\/aviso-legal\/\",\"url\":\"https:\/\/mihumanity.es\/aviso-legal\/\",\"name\":\"Aviso legal - Mi Humanity\",\"isPartOf\":{\"@id\":\"https:\/\/mihumanity.es\/#website\"},\"datePublished\":\"2023-10-05T15:31:33+00:00\",\"dateModified\":\"2023-10-05T15:43:56+00:00\",\"breadcrumb\":{\"@id\":\"https:\/\/mihumanity.es\/aviso-legal\/#breadcrumb\"},\"inLanguage\":\"en-GB\",\"potentialAction\":[{\"@type\":\"ReadAction\",\"target\":[\"https:\/\/mihumanity.es\/aviso-legal\/\"]}]},{\"@type\":\"BreadcrumbList\",\"@id\":\"https:\/\/mihumanity.es\/aviso-legal\/#breadcrumb\",\"itemListElement\":[{\"@type\":\"ListItem\",\"position\":1,\"name\":\"Portada\",\"item\":\"https:\/\/mihumanity.es\/\"},{\"@type\":\"ListItem\",\"position\":2,\"name\":\"Aviso legal\"}]},{\"@type\":\"WebSite\",\"@id\":\"https:\/\/mihumanity.es\/#website\",\"url\":\"https:\/\/mihumanity.es\/\",\"name\":\"Mi Humanity\",\"description\":\"\",\"publisher\":{\"@id\":\"https:\/\/mihumanity.es\/#organization\"},\"potentialAction\":[{\"@type\":\"SearchAction\",\"target\":{\"@type\":\"EntryPoint\",\"urlTemplate\":\"https:\/\/mihumanity.es\/?s={search_term_string}\"},\"query-input\":\"required name=search_term_string\"}],\"inLanguage\":\"en-GB\"},{\"@type\":\"Organization\",\"@id\":\"https:\/\/mihumanity.es\/#organization\",\"name\":\"Mi Humanity\",\"url\":\"https:\/\/mihumanity.es\/\",\"logo\":{\"@type\":\"ImageObject\",\"inLanguage\":\"en-GB\",\"@id\":\"https:\/\/mihumanity.es\/#\/schema\/logo\/image\/\",\"url\":\"https:\/\/mihumanity.es\/wp-content\/uploads\/2023\/10\/cropped-LOGO-HUMANITY-TRANSPARENTE.png\",\"contentUrl\":\"https:\/\/mihumanity.es\/wp-content\/uploads\/2023\/10\/cropped-LOGO-HUMANITY-TRANSPARENTE.png\",\"width\":2366,\"height\":746,\"caption\":\"Mi Humanity\"},\"image\":{\"@id\":\"https:\/\/mihumanity.es\/#\/schema\/logo\/image\/\"}}]}<\/script>\n<!-- \/ Yoast SEO plugin. -->","yoast_head_json":{"title":"Aviso legal - Mi Humanity","robots":{"index":"index","follow":"follow","max-snippet":"max-snippet:-1","max-image-preview":"max-image-preview:large","max-video-preview":"max-video-preview:-1"},"canonical":"https:\/\/mihumanity.es\/en\/aviso-legal\/","og_locale":"en_GB","og_type":"article","og_title":"Aviso legal - Mi Humanity","og_description":"En cumplimiento con el deber de informaci\u00f3n recogido en el art\u00edculo 10 de la Ley 34\/2002 de 11 de Julio de Servicios de la Sociedad de la informaci\u00f3n y del Comercio Electr\u00f3nico, PLATAFORMA DE TRANSACCIONES ELECTRONICAS, S.L. COMO\u00a0 HUMANITY\u00a0 con cif B21555750.\u00a0\u00a0pone a disposici\u00f3n de los usuarios el presente documento y as\u00ed informar del sitio [&hellip;]","og_url":"https:\/\/mihumanity.es\/en\/aviso-legal\/","og_site_name":"Mi Humanity","article_modified_time":"2023-10-05T15:43:56+00:00","twitter_card":"summary_large_image","twitter_misc":{"Estimated reading time":"5 minutes"},"schema":{"@context":"https:\/\/schema.org","@graph":[{"@type":"WebPage","@id":"https:\/\/mihumanity.es\/aviso-legal\/","url":"https:\/\/mihumanity.es\/aviso-legal\/","name":"Aviso legal - Mi Humanity","isPartOf":{"@id":"https:\/\/mihumanity.es\/#website"},"datePublished":"2023-10-05T15:31:33+00:00","dateModified":"2023-10-05T15:43:56+00:00","breadcrumb":{"@id":"https:\/\/mihumanity.es\/aviso-legal\/#breadcrumb"},"inLanguage":"en-GB","potentialAction":[{"@type":"ReadAction","target":["https:\/\/mihumanity.es\/aviso-legal\/"]}]},{"@type":"BreadcrumbList","@id":"https:\/\/mihumanity.es\/aviso-legal\/#breadcrumb","itemListElement":[{"@type":"ListItem","position":1,"name":"Portada","item":"https:\/\/mihumanity.es\/"},{"@type":"ListItem","position":2,"name":"Aviso legal"}]},{"@type":"WebSite","@id":"https:\/\/mihumanity.es\/#website","url":"https:\/\/mihumanity.es\/","name":"Mi Humanity","description":"","publisher":{"@id":"https:\/\/mihumanity.es\/#organization"},"potentialAction":[{"@type":"SearchAction","target":{"@type":"EntryPoint","urlTemplate":"https:\/\/mihumanity.es\/?s={search_term_string}"},"query-input":"required name=search_term_string"}],"inLanguage":"en-GB"},{"@type":"Organization","@id":"https:\/\/mihumanity.es\/#organization","name":"Mi Humanity","url":"https:\/\/mihumanity.es\/","logo":{"@type":"ImageObject","inLanguage":"en-GB","@id":"https:\/\/mihumanity.es\/#\/schema\/logo\/image\/","url":"https:\/\/mihumanity.es\/wp-content\/uploads\/2023\/10\/cropped-LOGO-HUMANITY-TRANSPARENTE.png","contentUrl":"https:\/\/mihumanity.es\/wp-content\/uploads\/2023\/10\/cropped-LOGO-HUMANITY-TRANSPARENTE.png","width":2366,"height":746,"caption":"Mi Humanity"},"image":{"@id":"https:\/\/mihumanity.es\/#\/schema\/logo\/image\/"}}]}},"_links":{"self":[{"href":"https:\/\/mihumanity.es\/en\/wp-json\/wp\/v2\/pages\/90","targetHints":{"allow":["GET"]}}],"collection":[{"href":"https:\/\/mihumanity.es\/en\/wp-json\/wp\/v2\/pages"}],"about":[{"href":"https:\/\/mihumanity.es\/en\/wp-json\/wp\/v2\/types\/page"}],"author":[{"embeddable":true,"href":"https:\/\/mihumanity.es\/en\/wp-json\/wp\/v2\/users\/1"}],"replies":[{"embeddable":true,"href":"https:\/\/mihumanity.es\/en\/wp-json\/wp\/v2\/comments?post=90"}],"version-history":[{"count":3,"href":"https:\/\/mihumanity.es\/en\/wp-json\/wp\/v2\/pages\/90\/revisions"}],"predecessor-version":[{"id":106,"href":"https:\/\/mihumanity.es\/en\/wp-json\/wp\/v2\/pages\/90\/revisions\/106"}],"wp:attachment":[{"href":"https:\/\/mihumanity.es\/en\/wp-json\/wp\/v2\/media?parent=90"}],"curies":[{"name":"wp","href":"https:\/\/api.w.org\/{rel}","templated":true}]}}