{"id":2,"date":"2023-10-04T08:56:42","date_gmt":"2023-10-04T08:56:42","guid":{"rendered":"https:\/\/mihumanity.es\/?page_id=2"},"modified":"2024-09-19T06:03:36","modified_gmt":"2024-09-19T06:03:36","slug":"inicio","status":"publish","type":"page","link":"https:\/\/mihumanity.es\/en\/","title":{"rendered":"Inicio"},"content":{"rendered":"<div data-elementor-type=\"wp-page\" data-elementor-id=\"2\" class=\"elementor elementor-2\">\n\t\t\t\t<div class=\"elementor-element elementor-element-54867ea e-con-full e-flex e-con e-parent\" data-id=\"54867ea\" data-element_type=\"container\">\n\t\t\t\t<div class=\"elementor-element elementor-element-b06f34f elementor-widget elementor-widget-shortcode\" data-id=\"b06f34f\" data-element_type=\"widget\" data-widget_type=\"shortcode.default\">\n\t\t\t\t<div class=\"elementor-widget-container\">\n\t\t\t\t\t<div class=\"elementor-shortcode\"><\/div>\n\t\t\t\t<\/div>\n\t\t\t\t<\/div>\n\t\t\t\t<\/div>\n\t\t<div class=\"elementor-element elementor-element-36d7298 e-flex e-con-boxed e-con e-parent\" data-id=\"36d7298\" data-element_type=\"container\" data-settings=\"{&quot;background_background&quot;:&quot;classic&quot;}\">\n\t\t\t\t\t<div class=\"e-con-inner\">\n\t\t<div class=\"elementor-element elementor-element-3552e6b e-con-full e-flex e-con e-child\" data-id=\"3552e6b\" data-element_type=\"container\">\n\t\t\t\t<div class=\"elementor-element elementor-element-e37af34 elementor-widget elementor-widget-image\" data-id=\"e37af34\" data-element_type=\"widget\" data-widget_type=\"image.default\">\n\t\t\t\t<div class=\"elementor-widget-container\">\n\t\t\t<style>\/*! elementor - v3.22.0 - 26-06-2024 *\/\n.elementor-widget-image{text-align:center}.elementor-widget-image a{display:inline-block}.elementor-widget-image a img[src$=\".svg\"]{width:48px}.elementor-widget-image img{vertical-align:middle;display:inline-block}<\/style>\t\t\t\t\t\t\t<figure class=\"wp-caption\">\n\t\t\t\t\t\t\t\t\t\t<img fetchpriority=\"high\" decoding=\"async\" width=\"800\" height=\"252\" src=\"https:\/\/mihumanity.es\/wp-content\/uploads\/2023\/10\/cropped-LOGO-HUMANITY-TRANSPARENTE-1024x323.png\" class=\"attachment-large size-large wp-image-40\" alt=\"Mi Humanity\" srcset=\"https:\/\/mihumanity.es\/wp-content\/uploads\/2023\/10\/cropped-LOGO-HUMANITY-TRANSPARENTE-1024x323.png 1024w, https:\/\/mihumanity.es\/wp-content\/uploads\/2023\/10\/cropped-LOGO-HUMANITY-TRANSPARENTE-300x95.png 300w, https:\/\/mihumanity.es\/wp-content\/uploads\/2023\/10\/cropped-LOGO-HUMANITY-TRANSPARENTE-768x242.png 768w, https:\/\/mihumanity.es\/wp-content\/uploads\/2023\/10\/cropped-LOGO-HUMANITY-TRANSPARENTE-1536x484.png 1536w, https:\/\/mihumanity.es\/wp-content\/uploads\/2023\/10\/cropped-LOGO-HUMANITY-TRANSPARENTE-2048x646.png 2048w\" sizes=\"(max-width: 800px) 100vw, 800px\" \/>\t\t\t\t\t\t\t\t\t\t\t<figcaption class=\"widget-image-caption wp-caption-text\"><\/figcaption>\n\t\t\t\t\t\t\t\t\t\t<\/figure>\n\t\t\t\t\t\t\t<\/div>\n\t\t\t\t<\/div>\n\t\t\t\t<div class=\"elementor-element elementor-element-4b2db2f elementor-widget elementor-widget-heading\" data-id=\"4b2db2f\" data-element_type=\"widget\" data-widget_type=\"heading.default\">\n\t\t\t\t<div class=\"elementor-widget-container\">\n\t\t\t<style>\/*! elementor - v3.22.0 - 26-06-2024 *\/\n.elementor-heading-title{padding:0;margin:0;line-height:1}.elementor-widget-heading .elementor-heading-title[class*=elementor-size-]>a{color:inherit;font-size:inherit;line-height:inherit}.elementor-widget-heading .elementor-heading-title.elementor-size-small{font-size:15px}.elementor-widget-heading .elementor-heading-title.elementor-size-medium{font-size:19px}.elementor-widget-heading .elementor-heading-title.elementor-size-large{font-size:29px}.elementor-widget-heading .elementor-heading-title.elementor-size-xl{font-size:39px}.elementor-widget-heading .elementor-heading-title.elementor-size-xxl{font-size:59px}<\/style><p class=\"elementor-heading-title elementor-size-default\">\u00a1Con\u00e9ctate con nosotros y experimenta la velocidad y la comodidad que te mereces!<\/p>\t\t<\/div>\n\t\t\t\t<\/div>\n\t\t\t\t<\/div>\n\t\t<div class=\"elementor-element elementor-element-a8600b5 e-con-full e-flex e-con e-child\" data-id=\"a8600b5\" data-element_type=\"container\">\n\t\t\t\t<div class=\"elementor-element elementor-element-5081e29 elementor-widget__width-auto elementor-widget elementor-widget-heading\" data-id=\"5081e29\" data-element_type=\"widget\" data-widget_type=\"heading.default\">\n\t\t\t\t<div class=\"elementor-widget-container\">\n\t\t\t<h1 class=\"elementor-heading-title elementor-size-default\">Una de las compa\u00f1\u00edas de telefon\u00eda m\u00e1s baratas <\/h1>\t\t<\/div>\n\t\t\t\t<\/div>\n\t\t\t\t<div class=\"elementor-element elementor-element-56dfdc31 elementor-widget elementor-widget-text-editor\" data-id=\"56dfdc31\" data-element_type=\"widget\" data-widget_type=\"text-editor.default\">\n\t\t\t\t<div class=\"elementor-widget-container\">\n\t\t\t<style>\/*! elementor - v3.22.0 - 26-06-2024 *\/\n.elementor-widget-text-editor.elementor-drop-cap-view-stacked .elementor-drop-cap{background-color:#69727d;color:#fff}.elementor-widget-text-editor.elementor-drop-cap-view-framed .elementor-drop-cap{color:#69727d;border:3px solid;background-color:transparent}.elementor-widget-text-editor:not(.elementor-drop-cap-view-default) .elementor-drop-cap{margin-top:8px}.elementor-widget-text-editor:not(.elementor-drop-cap-view-default) .elementor-drop-cap-letter{width:1em;height:1em}.elementor-widget-text-editor .elementor-drop-cap{float:left;text-align:center;line-height:1;font-size:50px}.elementor-widget-text-editor .elementor-drop-cap-letter{display:inline-block}<\/style>\t\t\t\t<p>Humanity&nbsp; ofrece fibra de internet, m\u00f3vil y tel\u00e9fono fijo.<\/p>\n<p>Encontrar\u00e1s todo lo que necesitas para mantenerte conectado en un mundo cada vez m\u00e1s digital.<\/p>\n<p>Explora nuestras tarifas de <a href=\"https:\/\/mihumanity.es\/en\/solo-fibra\/\">fibra<\/a>, <a href=\"https:\/\/mihumanity.es\/en\/solo-movil\/\">m\u00f3vil<\/a> y <a href=\"https:\/\/mihumanity.es\/en\/movil-fibra\/\">combinados de fibra+m\u00f3vil<\/a> para disfrutar de la mejor conectividad en casa y en movimiento.<\/p>\n<p>Descubre las mejores ofertas y servicios dise\u00f1ados para satisfacer todas tus necesidades de comunicaci\u00f3n.<\/p>\t\t\t\t\t\t<\/div>\n\t\t\t\t<\/div>\n\t\t\t\t<\/div>\n\t\t\t\t\t<\/div>\n\t\t\t\t<\/div>\n\t\t<div class=\"elementor-element elementor-element-4a9350b e-flex e-con-boxed e-con e-parent\" data-id=\"4a9350b\" data-element_type=\"container\" data-settings=\"{&quot;background_background&quot;:&quot;classic&quot;}\">\n\t\t\t\t\t<div class=\"e-con-inner\">\n\t\t<div class=\"elementor-element elementor-element-27e144f e-con-full e-flex e-con e-child\" data-id=\"27e144f\" data-element_type=\"container\">\n\t\t\t\t<div class=\"elementor-element elementor-element-617d1a3 elementor-widget__width-auto elementor-widget elementor-widget-heading\" data-id=\"617d1a3\" data-element_type=\"widget\" data-widget_type=\"heading.default\">\n\t\t\t\t<div class=\"elementor-widget-container\">\n\t\t\t<h2 class=\"elementor-heading-title elementor-size-default\"><b>Reespaldados por Masorange<\/b><\/h2>\t\t<\/div>\n\t\t\t\t<\/div>\n\t\t\t\t<div class=\"elementor-element elementor-element-907231f elementor-widget elementor-widget-image\" data-id=\"907231f\" data-element_type=\"widget\" data-widget_type=\"image.default\">\n\t\t\t\t<div class=\"elementor-widget-container\">\n\t\t\t\t\t\t\t\t\t\t<figure class=\"wp-caption\">\n\t\t\t\t\t\t\t\t\t\t<img decoding=\"async\" width=\"500\" height=\"333\" src=\"https:\/\/mihumanity.es\/wp-content\/uploads\/2024\/04\/500_333.jpeg\" class=\"attachment-large size-large wp-image-1008\" alt=\"masorange\" srcset=\"https:\/\/mihumanity.es\/wp-content\/uploads\/2024\/04\/500_333.jpeg 500w, https:\/\/mihumanity.es\/wp-content\/uploads\/2024\/04\/500_333-300x200.jpeg 300w, https:\/\/mihumanity.es\/wp-content\/uploads\/2024\/04\/500_333-18x12.jpeg 18w\" sizes=\"(max-width: 500px) 100vw, 500px\" \/>\t\t\t\t\t\t\t\t\t\t\t<figcaption class=\"widget-image-caption wp-caption-text\"><\/figcaption>\n\t\t\t\t\t\t\t\t\t\t<\/figure>\n\t\t\t\t\t\t\t<\/div>\n\t\t\t\t<\/div>\n\t\t\t\t<\/div>\n\t\t<div class=\"elementor-element elementor-element-1044e3d e-con-full e-flex e-con e-child\" data-id=\"1044e3d\" data-element_type=\"container\">\n\t\t\t\t<div class=\"elementor-element elementor-element-6f7525b elementor-widget elementor-widget-heading\" data-id=\"6f7525b\" data-element_type=\"widget\" data-widget_type=\"heading.default\">\n\t\t\t\t<div class=\"elementor-widget-container\">\n\t\t\t<h3 class=\"elementor-heading-title elementor-size-default\">Fusi\u00f3n de Masmovil y Orange<\/h3>\t\t<\/div>\n\t\t\t\t<\/div>\n\t\t\t\t<div class=\"elementor-element elementor-element-90d1c48 elementor-widget elementor-widget-video\" data-id=\"90d1c48\" data-element_type=\"widget\" data-settings=\"{&quot;youtube_url&quot;:&quot;https:\\\/\\\/www.youtube.com\\\/watch?v=mNfZrhHk1mI&quot;,&quot;video_type&quot;:&quot;youtube&quot;,&quot;controls&quot;:&quot;yes&quot;}\" data-widget_type=\"video.default\">\n\t\t\t\t<div class=\"elementor-widget-container\">\n\t\t\t<style>\/*! elementor - v3.22.0 - 26-06-2024 *\/\n.elementor-widget-video .elementor-widget-container{overflow:hidden;transform:translateZ(0)}.elementor-widget-video .elementor-wrapper{aspect-ratio:var(--video-aspect-ratio)}.elementor-widget-video .elementor-wrapper iframe,.elementor-widget-video .elementor-wrapper video{height:100%;width:100%;display:flex;border:none;background-color:#000}@supports not (aspect-ratio:1\/1){.elementor-widget-video .elementor-wrapper{position:relative;overflow:hidden;height:0;padding-bottom:calc(100% \/ var(--video-aspect-ratio))}.elementor-widget-video .elementor-wrapper iframe,.elementor-widget-video .elementor-wrapper video{position:absolute;top:0;right:0;bottom:0;left:0}}.elementor-widget-video .elementor-open-inline .elementor-custom-embed-image-overlay{position:absolute;top:0;right:0;bottom:0;left:0;background-size:cover;background-position:50%}.elementor-widget-video .elementor-custom-embed-image-overlay{cursor:pointer;text-align:center}.elementor-widget-video .elementor-custom-embed-image-overlay:hover .elementor-custom-embed-play i{opacity:1}.elementor-widget-video .elementor-custom-embed-image-overlay img{display:block;width:100%;aspect-ratio:var(--video-aspect-ratio);-o-object-fit:cover;object-fit:cover;-o-object-position:center center;object-position:center center}@supports not (aspect-ratio:1\/1){.elementor-widget-video .elementor-custom-embed-image-overlay{position:relative;overflow:hidden;height:0;padding-bottom:calc(100% \/ var(--video-aspect-ratio))}.elementor-widget-video .elementor-custom-embed-image-overlay img{position:absolute;top:0;right:0;bottom:0;left:0}}.elementor-widget-video .e-hosted-video .elementor-video{-o-object-fit:cover;object-fit:cover}.e-con-inner>.elementor-widget-video,.e-con>.elementor-widget-video{width:var(--container-widget-width);--flex-grow:var(--container-widget-flex-grow)}<\/style>\t\t<div class=\"elementor-wrapper elementor-open-inline\">\n\t\t\t<div class=\"elementor-video\"><\/div>\t\t<\/div>\n\t\t\t\t<\/div>\n\t\t\t\t<\/div>\n\t\t\t\t<\/div>\n\t\t\t\t\t<\/div>\n\t\t\t\t<\/div>\n\t\t\t\t<\/div>","protected":false},"excerpt":{"rendered":"<p>\u00a1Con\u00e9ctate con nosotros y experimenta la velocidad y la comodidad que te mereces! Una de las compa\u00f1\u00edas de telefon\u00eda m\u00e1s baratas Humanity\u00a0 ofrece fibra de internet, m\u00f3vil y tel\u00e9fono fijo. Encontrar\u00e1s todo lo que necesitas para mantenerte conectado en un mundo cada vez m\u00e1s digital. Explora nuestras tarifas de fibra, m\u00f3vil y combinados de fibra+m\u00f3vil [&hellip;]<\/p>","protected":false},"author":1,"featured_media":0,"parent":0,"menu_order":0,"comment_status":"closed","ping_status":"open","template":"","meta":{"footnotes":""},"class_list":["post-2","page","type-page","status-publish","hentry"],"yoast_head":"<!-- This site is optimized with the Yoast SEO plugin v23.0 - https:\/\/yoast.com\/wordpress\/plugins\/seo\/ -->\n<title>Mi Humanity Comunicaciones - Tarifas m\u00f3vil y fibra<\/title>\n<meta name=\"description\" content=\"Fibra y m\u00f3vil mi humanity Comunicaciones - Tarifas m\u00f3vil y fibra compa\u00f1\u00edas de telefon\u00eda baratas - Fibra oferta m\u00f3vil aut\u00f3nomos\" \/>\n<meta name=\"robots\" content=\"index, follow, max-snippet:-1, max-image-preview:large, max-video-preview:-1\" \/>\n<link rel=\"canonical\" href=\"https:\/\/mihumanity.es\/en\/\" \/>\n<meta property=\"og:locale\" content=\"en_GB\" \/>\n<meta property=\"og:type\" content=\"article\" \/>\n<meta property=\"og:title\" content=\"Mi Humanity Comunicaciones - Tarifas m\u00f3vil y fibra\" \/>\n<meta property=\"og:description\" content=\"Fibra y m\u00f3vil mi humanity Comunicaciones - Tarifas m\u00f3vil y fibra compa\u00f1\u00edas de telefon\u00eda baratas - Fibra oferta m\u00f3vil aut\u00f3nomos\" \/>\n<meta property=\"og:url\" content=\"https:\/\/mihumanity.es\/en\/\" \/>\n<meta property=\"og:site_name\" content=\"Mi Humanity\" \/>\n<meta property=\"article:modified_time\" content=\"2024-09-19T06:03:36+00:00\" \/>\n<meta property=\"og:image\" content=\"https:\/\/mihumanity.es\/wp-content\/uploads\/2023\/10\/cropped-LOGO-HUMANITY-TRANSPARENTE-1024x323.png\" \/>\n<meta name=\"twitter:card\" content=\"summary_large_image\" \/>\n<meta name=\"twitter:label1\" content=\"Estimated reading time\" \/>\n\t<meta name=\"twitter:data1\" content=\"1 minute\" \/>\n<script type=\"application\/ld+json\" class=\"yoast-schema-graph\">{\"@context\":\"https:\/\/schema.org\",\"@graph\":[{\"@type\":\"WebPage\",\"@id\":\"https:\/\/mihumanity.es\/\",\"url\":\"https:\/\/mihumanity.es\/\",\"name\":\"Mi Humanity Comunicaciones - Tarifas m\u00f3vil y fibra\",\"isPartOf\":{\"@id\":\"https:\/\/mihumanity.es\/#website\"},\"primaryImageOfPage\":{\"@id\":\"https:\/\/mihumanity.es\/#primaryimage\"},\"image\":{\"@id\":\"https:\/\/mihumanity.es\/#primaryimage\"},\"thumbnailUrl\":\"https:\/\/mihumanity.es\/wp-content\/uploads\/2023\/10\/cropped-LOGO-HUMANITY-TRANSPARENTE-1024x323.png\",\"datePublished\":\"2023-10-04T08:56:42+00:00\",\"dateModified\":\"2024-09-19T06:03:36+00:00\",\"description\":\"Fibra y m\u00f3vil mi humanity Comunicaciones - Tarifas m\u00f3vil y fibra compa\u00f1\u00edas de telefon\u00eda baratas - Fibra oferta m\u00f3vil aut\u00f3nomos\",\"breadcrumb\":{\"@id\":\"https:\/\/mihumanity.es\/#breadcrumb\"},\"inLanguage\":\"en-GB\",\"potentialAction\":[{\"@type\":\"ReadAction\",\"target\":[\"https:\/\/mihumanity.es\/\"]}]},{\"@type\":\"ImageObject\",\"inLanguage\":\"en-GB\",\"@id\":\"https:\/\/mihumanity.es\/#primaryimage\",\"url\":\"https:\/\/mihumanity.es\/wp-content\/uploads\/2023\/10\/cropped-LOGO-HUMANITY-TRANSPARENTE-1024x323.png\",\"contentUrl\":\"https:\/\/mihumanity.es\/wp-content\/uploads\/2023\/10\/cropped-LOGO-HUMANITY-TRANSPARENTE-1024x323.png\"},{\"@type\":\"BreadcrumbList\",\"@id\":\"https:\/\/mihumanity.es\/#breadcrumb\",\"itemListElement\":[{\"@type\":\"ListItem\",\"position\":1,\"name\":\"Portada\",\"item\":\"https:\/\/mihumanity.es\/\"},{\"@type\":\"ListItem\",\"position\":2,\"name\":\"Inicio\"}]},{\"@type\":\"WebSite\",\"@id\":\"https:\/\/mihumanity.es\/#website\",\"url\":\"https:\/\/mihumanity.es\/\",\"name\":\"Mi Humanity\",\"description\":\"\",\"publisher\":{\"@id\":\"https:\/\/mihumanity.es\/#organization\"},\"potentialAction\":[{\"@type\":\"SearchAction\",\"target\":{\"@type\":\"EntryPoint\",\"urlTemplate\":\"https:\/\/mihumanity.es\/?s={search_term_string}\"},\"query-input\":\"required name=search_term_string\"}],\"inLanguage\":\"en-GB\"},{\"@type\":\"Organization\",\"@id\":\"https:\/\/mihumanity.es\/#organization\",\"name\":\"Mi Humanity\",\"url\":\"https:\/\/mihumanity.es\/\",\"logo\":{\"@type\":\"ImageObject\",\"inLanguage\":\"en-GB\",\"@id\":\"https:\/\/mihumanity.es\/#\/schema\/logo\/image\/\",\"url\":\"https:\/\/mihumanity.es\/wp-content\/uploads\/2023\/10\/cropped-LOGO-HUMANITY-TRANSPARENTE.png\",\"contentUrl\":\"https:\/\/mihumanity.es\/wp-content\/uploads\/2023\/10\/cropped-LOGO-HUMANITY-TRANSPARENTE.png\",\"width\":2366,\"height\":746,\"caption\":\"Mi Humanity\"},\"image\":{\"@id\":\"https:\/\/mihumanity.es\/#\/schema\/logo\/image\/\"}}]}<\/script>\n<!-- \/ Yoast SEO plugin. -->","yoast_head_json":{"title":"Mi Humanity Comunicaciones - Tarifas m\u00f3vil y fibra","description":"Fibra y m\u00f3vil mi humanity Comunicaciones - Tarifas m\u00f3vil y fibra compa\u00f1\u00edas de telefon\u00eda baratas - Fibra oferta m\u00f3vil aut\u00f3nomos","robots":{"index":"index","follow":"follow","max-snippet":"max-snippet:-1","max-image-preview":"max-image-preview:large","max-video-preview":"max-video-preview:-1"},"canonical":"https:\/\/mihumanity.es\/en\/","og_locale":"en_GB","og_type":"article","og_title":"Mi Humanity Comunicaciones - Tarifas m\u00f3vil y fibra","og_description":"Fibra y m\u00f3vil mi humanity Comunicaciones - Tarifas m\u00f3vil y fibra compa\u00f1\u00edas de telefon\u00eda baratas - Fibra oferta m\u00f3vil aut\u00f3nomos","og_url":"https:\/\/mihumanity.es\/en\/","og_site_name":"Mi Humanity","article_modified_time":"2024-09-19T06:03:36+00:00","og_image":[{"url":"https:\/\/mihumanity.es\/wp-content\/uploads\/2023\/10\/cropped-LOGO-HUMANITY-TRANSPARENTE-1024x323.png"}],"twitter_card":"summary_large_image","twitter_misc":{"Estimated reading time":"1 minute"},"schema":{"@context":"https:\/\/schema.org","@graph":[{"@type":"WebPage","@id":"https:\/\/mihumanity.es\/","url":"https:\/\/mihumanity.es\/","name":"Mi Humanity Comunicaciones - Tarifas m\u00f3vil y fibra","isPartOf":{"@id":"https:\/\/mihumanity.es\/#website"},"primaryImageOfPage":{"@id":"https:\/\/mihumanity.es\/#primaryimage"},"image":{"@id":"https:\/\/mihumanity.es\/#primaryimage"},"thumbnailUrl":"https:\/\/mihumanity.es\/wp-content\/uploads\/2023\/10\/cropped-LOGO-HUMANITY-TRANSPARENTE-1024x323.png","datePublished":"2023-10-04T08:56:42+00:00","dateModified":"2024-09-19T06:03:36+00:00","description":"Fibra y m\u00f3vil mi humanity Comunicaciones - Tarifas m\u00f3vil y fibra compa\u00f1\u00edas de telefon\u00eda baratas - Fibra oferta m\u00f3vil aut\u00f3nomos","breadcrumb":{"@id":"https:\/\/mihumanity.es\/#breadcrumb"},"inLanguage":"en-GB","potentialAction":[{"@type":"ReadAction","target":["https:\/\/mihumanity.es\/"]}]},{"@type":"ImageObject","inLanguage":"en-GB","@id":"https:\/\/mihumanity.es\/#primaryimage","url":"https:\/\/mihumanity.es\/wp-content\/uploads\/2023\/10\/cropped-LOGO-HUMANITY-TRANSPARENTE-1024x323.png","contentUrl":"https:\/\/mihumanity.es\/wp-content\/uploads\/2023\/10\/cropped-LOGO-HUMANITY-TRANSPARENTE-1024x323.png"},{"@type":"BreadcrumbList","@id":"https:\/\/mihumanity.es\/#breadcrumb","itemListElement":[{"@type":"ListItem","position":1,"name":"Portada","item":"https:\/\/mihumanity.es\/"},{"@type":"ListItem","position":2,"name":"Inicio"}]},{"@type":"WebSite","@id":"https:\/\/mihumanity.es\/#website","url":"https:\/\/mihumanity.es\/","name":"Mi Humanity","description":"","publisher":{"@id":"https:\/\/mihumanity.es\/#organization"},"potentialAction":[{"@type":"SearchAction","target":{"@type":"EntryPoint","urlTemplate":"https:\/\/mihumanity.es\/?s={search_term_string}"},"query-input":"required name=search_term_string"}],"inLanguage":"en-GB"},{"@type":"Organization","@id":"https:\/\/mihumanity.es\/#organization","name":"Mi Humanity","url":"https:\/\/mihumanity.es\/","logo":{"@type":"ImageObject","inLanguage":"en-GB","@id":"https:\/\/mihumanity.es\/#\/schema\/logo\/image\/","url":"https:\/\/mihumanity.es\/wp-content\/uploads\/2023\/10\/cropped-LOGO-HUMANITY-TRANSPARENTE.png","contentUrl":"https:\/\/mihumanity.es\/wp-content\/uploads\/2023\/10\/cropped-LOGO-HUMANITY-TRANSPARENTE.png","width":2366,"height":746,"caption":"Mi Humanity"},"image":{"@id":"https:\/\/mihumanity.es\/#\/schema\/logo\/image\/"}}]}},"_links":{"self":[{"href":"https:\/\/mihumanity.es\/en\/wp-json\/wp\/v2\/pages\/2","targetHints":{"allow":["GET"]}}],"collection":[{"href":"https:\/\/mihumanity.es\/en\/wp-json\/wp\/v2\/pages"}],"about":[{"href":"https:\/\/mihumanity.es\/en\/wp-json\/wp\/v2\/types\/page"}],"author":[{"embeddable":true,"href":"https:\/\/mihumanity.es\/en\/wp-json\/wp\/v2\/users\/1"}],"replies":[{"embeddable":true,"href":"https:\/\/mihumanity.es\/en\/wp-json\/wp\/v2\/comments?post=2"}],"version-history":[{"count":108,"href":"https:\/\/mihumanity.es\/en\/wp-json\/wp\/v2\/pages\/2\/revisions"}],"predecessor-version":[{"id":1225,"href":"https:\/\/mihumanity.es\/en\/wp-json\/wp\/v2\/pages\/2\/revisions\/1225"}],"wp:attachment":[{"href":"https:\/\/mihumanity.es\/en\/wp-json\/wp\/v2\/media?parent=2"}],"curies":[{"name":"wp","href":"https:\/\/api.w.org\/{rel}","templated":true}]}}